{"id":1161,"date":"2024-09-11T16:00:09","date_gmt":"2024-09-11T16:00:09","guid":{"rendered":"https:\/\/www.probool.com\/?page_id=1161"},"modified":"2025-04-07T20:39:33","modified_gmt":"2025-04-07T20:39:33","slug":"ufc-engenharia-de-produto","status":"publish","type":"page","link":"https:\/\/www.probool.com\/?page_id=1161","title":{"rendered":"Engenharia de Produto"},"content":{"rendered":"\t\t<div data-elementor-type=\"wp-page\" data-elementor-id=\"1161\" class=\"elementor elementor-1161\">\n\t\t\t\t<div class=\"elementor-element elementor-element-4672ef18 e-flex e-con-boxed e-con e-parent\" data-id=\"4672ef18\" data-element_type=\"container\">\n\t\t\t\t\t<div class=\"e-con-inner\">\n\t\t\t\t<div class=\"elementor-element elementor-element-2d0d4ba8 elementor-widget elementor-widget-text-editor\" data-id=\"2d0d4ba8\" data-element_type=\"widget\" data-widget_type=\"text-editor.default\">\n\t\t\t\t<div class=\"elementor-widget-container\">\n\t\t\t\t\t\t\t<script src=\"https:\/\/kit.fontawesome.com\/a076d05399.js\" crossorigin=\"anonymous\"><\/script>\n<style>\n.table, td {border: 1px solid black; border-collapse: collapse;}\n.padleft{padding-left: 15px;}\n.MsoNormal {margin-botton: 15px; Margin-top: 15px; padleft;}\n.MsoNormal1 {margin-botton: 0px; Margin-top: 0px; padding-left: 0px}\n.wing01 {margin-top: 0.00px; margin-botton: 0.00px; padding-left: 0px; font-size: 20px; color: #ff0000; text-shadow: 1px 1px 1px #000000}\n.wing02 {margin-top: 0.00px; margin-botton: 0.00px; padding-left: 0px; font-size: 20px; color: #33cc33; text-shadow: 1px 1px 1px #000000}\n.wing03 {margin-top: 0.00px; margin-botton: 0.00px; padding-left: 0px; font-size: 20px; color: #0000ff; text-shadow: 1px 1px 1px #0000ff}\n.wing04 {margin-top: 0.00px; margin-botton: 0.00px; padding-left: 0px; font-size: 20px; color: #cc6600; text-shadow: 1px 1px 1px #cc6600}\n.wing05 {margin-top: 0.00px; margin-botton: 0.00px; padding-left: 0px; font-size: 20px; color: #990099; text-shadow: 1px 1px 1px #000000}\n.laranja {color: #f8981d;}\n.azul1 {color: #0000ff;}\n.azul2 {color: #3333cc;}\n.azul3 {color: #000099;}\n.azul4 {color: #001f3f;}\n.verde1 {color: #006600;}\n.verde2 {color: #009999;}\n.verde3 {color: #33cc33;}\n.verde4 {color: #00ee00;}\n.vermelho {color: #ff0000;}\n.castanho1 {color: #663300;}\n.castanho2 {color: #996600;}\n.castanho3 {color: #cc6600;}\n.preto {color: #000000;}\n.sobrelinhado {position: relative; display: inline-block;}\n.sobrelinhado::before {content: \"\"; position: absolute; top: 0; left: 0; width: 100%; height: 1px; background-color: black; transform: translateY(-100%);}\n.sub {vertical-align: sub; font-size: smaller;}\n.sup {vertical-align: sup; font-size: small;}\n.voltar {text-align: right;}\n<\/style>\n\n<h3 class=\"MsoNormal\"><em><strong><span class=\"laranja\">UFC &#8211; Engenharia de Produto<\/span><\/strong><\/em><\/h3>\n<ul>\n<span class=\"preto\">O desenvolvimento t\u00e9cnico e estrutural dos produtos \u00e9 um dos pilares fundamentais para garantir efici\u00eancia na produ\u00e7\u00e3o, controlo de custos e capacidade de resposta \u00e0s exig\u00eancias do mercado. A <em>an\u00e1lise inteligente<\/em> de dados de fabrico por artigo permite \u00e0 engenharia identificar varia\u00e7\u00f5es significativas nos tempos e consumos reais face ao previsto, ajustando gamas operat\u00f3rias e folhas de processo de forma din\u00e2mica. O sistema sugere melhorias com base na experi\u00eancia acumulada de fabrico. A unidade funcional de <strong>Engenharia de Produto ProboolIM<sup>\u00ae<\/sup><\/strong> proporciona uma abordagem avan\u00e7ada, flex\u00edvel e orientada para a realidade das empresas industriais, permitindo estruturar, documentar e otimizar tecnicamente cada artigo. As principais funcionalidades incluem:<\/span><\/ul>\n<ul><span class=\"wing01\"><i class=\"fa fa-arrow-right\" ><\/i><\/span><span class=\"padleft\"><\/span><strong><span class=\"castanho1\">Codifica\u00e7\u00e3o estruturada e din\u00e2mica de artigos<\/span><\/strong><span class=\"preto\">, com identifica\u00e7\u00e3o de artigos-pai, agrupamentos e parametriza\u00e7\u00f5es espec\u00edficas;<\/span><\/ul>\n<ul><span class=\"wing01\"><i class=\"fa fa-arrow-right\" ><\/i><\/span><span class=\"padleft\"><\/span><strong><span class=\"castanho1\">Defini\u00e7\u00e3o visual da estrutura do artigo<\/span><\/strong><span class=\"preto\">, com recurso ao editor de c\u00f3digos e \u00e1rvores de produto (<em>BOM \u2013 Bill of Materials<\/em>), associando documentos e vers\u00f5es diretamente a cada n\u00f3;<\/span><\/ul>\n<ul><span class=\"wing01\"><i class=\"fa fa-arrow-right\" ><\/i><\/span><span class=\"padleft\"><\/span><strong><span class=\"castanho1\">Gest\u00e3o de m\u00faltiplos m\u00e9todos produtivos por artigo<\/span><\/strong><span class=\"preto\">, permitindo adaptar a produ\u00e7\u00e3o a diferentes tecnologias, volumes ou requisitos espec\u00edficos;<\/span><\/ul>\n<ul><span class=\"wing01\"><i class=\"fa fa-arrow-right\" ><\/i><\/span><span class=\"padleft\"><\/span><strong><span class=\"castanho1\">Cria\u00e7\u00e3o de gamas operat\u00f3rias detalhadas<\/span><\/strong><span class=\"preto\">, incluindo tempos de start-up, shutdown, alimenta\u00e7\u00e3o e evacua\u00e7\u00e3o;<\/span><\/ul>\n<ul><span class=\"wing01\"><i class=\"fa fa-arrow-right\" ><\/i><\/span><span class=\"padleft\"><\/span><strong><span class=\"castanho1\">Visualiza\u00e7\u00e3o de n\u00edveis de execu\u00e7\u00e3o e prioridades de produ\u00e7\u00e3o<\/span><\/strong><span class=\"preto\">, facilitando o planeamento e a monitoriza\u00e7\u00e3o de fabrico;<\/span><\/ul>\n<ul><span class=\"wing01\"><i class=\"fa fa-arrow-right\" ><\/i><\/span><span class=\"padleft\"><\/span><strong><span class=\"castanho1\">Identifica\u00e7\u00e3o e tratamento de artigos produzidos, comprados, ferramentas e mat\u00e9rias-primas<\/span><\/strong><span class=\"preto\">, com gest\u00e3o aut\u00f3noma e clara por tipologia;<\/span><\/ul>\n<ul><span class=\"wing01\"><i class=\"fa fa-arrow-right\" ><\/i><\/span><span class=\"padleft\"><\/span><strong><span class=\"castanho1\">Associa\u00e7\u00e3o de layouts de etiquetas conforme cliente<\/span><\/strong><span class=\"preto\">, assegurando conformidade com especifica\u00e7\u00f5es comerciais e log\u00edsticas;<\/span><\/ul>\n<ul><span class=\"wing01\"><i class=\"fa fa-arrow-right\" ><\/i><\/span><span class=\"padleft\"><\/span><strong><span class=\"castanho1\">Configura\u00e7\u00e3o autom\u00e1tica de semi-acabados<\/span><\/strong><span class=\"preto\">, entre opera\u00e7\u00f5es, para aumentar a visibilidade dos artigos em curso de fabrico;<\/span><\/ul>\n<ul><span class=\"wing01\"><i class=\"fa fa-arrow-right\" ><\/i><\/span><span class=\"padleft\"><\/span><strong><span class=\"castanho1\">Importa\u00e7\u00e3o e associa\u00e7\u00e3o de ficheiros t\u00e9cnicos<\/span><\/strong><span class=\"preto\">, com suporte para m\u00faltiplos formatos, incluindo:<\/span><\/ul>\n<ul><ul><span class=\"wing02\"><i class=\"fa fa-hand-o-right\"><\/i><\/span><span class=\"padleft\"><\/span><span class=\"preto\">PDF, DOC\/DOCX, XLS\/XLSX, CSV;<\/span><\/ul><\/ul>\n<ul><ul><span class=\"wing02\"><i class=\"fa fa-hand-o-right\"><\/i><\/span><span class=\"padleft\"><\/span><span class=\"preto\">DWG\/DXF (CAD), SLDPRT\/SLDASM (SolidWorks);<\/span><\/ul><\/ul>\n<ul><ul><span class=\"wing02\"><i class=\"fa fa-hand-o-right\"><\/i><\/span><span class=\"padleft\"><\/span><span class=\"preto\">MP4, MKV, AVI (v\u00eddeo);<\/span><\/ul><\/ul>\n<ul><ul><span class=\"wing02\"><i class=\"fa fa-hand-o-right\"><\/i><\/span><span class=\"padleft\"><\/span><span class=\"preto\">Geometrias e imagens associadas \u00e0s etapas de montagem;<\/span><\/ul><\/ul>\n<ul><span class=\"wing01\"><i class=\"fa fa-arrow-right\" ><\/i><\/span><span class=\"padleft\"><\/span><strong><span class=\"castanho1\">Defini\u00e7\u00e3o completa de etapas de montagem<\/span><\/strong><span class=\"preto\">, com inclus\u00e3o de imagens, v\u00eddeos e lista de materiais, facilitando a compreens\u00e3o e a execu\u00e7\u00e3o em ch\u00e3o de f\u00e1brica;<\/span><\/ul>\n<ul><span class=\"wing01\"><i class=\"fa fa-arrow-right\" ><\/i><\/span><span class=\"padleft\"><\/span><strong><span class=\"castanho1\">Biblioteca t\u00e9cnica de documentos<\/span><\/strong><span class=\"preto\">, acess\u00edvel tanto \u00e0 engenharia como \u00e0s equipas de produ\u00e7\u00e3o;<\/span><\/ul>\n<ul><span class=\"wing01\"><i class=\"fa fa-arrow-right\" ><\/i><\/span><span class=\"padleft\"><\/span><strong><span class=\"castanho1\">Gest\u00e3o de vers\u00f5es t\u00e9cnicas<\/span><\/strong><span class=\"preto\">, incluindo possibilidade de produ\u00e7\u00e3o com vers\u00f5es anteriores de produto;<\/span><\/ul>\n<ul><span class=\"wing01\"><i class=\"fa fa-arrow-right\" ><\/i><\/span><span class=\"padleft\"><\/span><strong><span class=\"castanho1\">An\u00e1lise de custos detalhada<\/span><\/strong><span class=\"preto\">, incluindo:<\/span><\/ul>\n<ul><ul><span class=\"wing02\"><i class=\"fa fa-hand-o-right\"><\/i><\/span><span class=\"padleft\"><\/span><span class=\"preto\">Estudo estat\u00edstico de valores de aquisi\u00e7\u00e3o por componente;<\/span><\/ul><\/ul>\n<ul><ul><span class=\"wing02\"><i class=\"fa fa-hand-o-right\"><\/i><\/span><span class=\"padleft\"><\/span><span class=\"preto\">C\u00e1lculo de custos de m\u00e3o-de-obra;<\/span><\/ul><\/ul>\n<ul><ul><span class=\"wing02\"><i class=\"fa fa-hand-o-right\"><\/i><\/span><span class=\"padleft\"><\/span><span class=\"preto\">Avalia\u00e7\u00e3o de custos globais por artigo;<\/span><\/ul><\/ul>\n<ul><span class=\"wing01\"><i class=\"fa fa-arrow-right\" ><\/i><\/span><span class=\"padleft\"><\/span><strong><span class=\"castanho1\">Gest\u00e3o de stocks t\u00e9cnicos<\/span><\/strong><span class=\"preto\">, com defini\u00e7\u00e3o de n\u00edveis m\u00ednimo, m\u00e1ximo, atual, seguran\u00e7a e econ\u00f3mico;<\/span><\/ul>\n<ul><span class=\"wing01\"><i class=\"fa fa-arrow-right\" ><\/i><\/span><span class=\"padleft\"><\/span><strong><span class=\"castanho1\">Aloca\u00e7\u00e3o direta de localiza\u00e7\u00f5es espec\u00edficas para cada artigo<\/span><\/strong><span class=\"preto\">, integrando o fluxo de engenharia com a gest\u00e3o log\u00edstica.<\/span><\/ul>\n<ul><span class=\"MsoNormal1\"><\/span><span class=\"preto\">Com esta unidade funcional, o <strong>ProboolIM<sup>\u00ae<\/sup><\/strong> transforma a engenharia de produto num processo totalmente digital, integrado e colaborativo, que serve como base s\u00f3lida para uma produ\u00e7\u00e3o eficiente, flex\u00edvel e alinhada com os objetivos estrat\u00e9gicos da empresa.<\/span><\/ul>\n\t\t\t\t\t\t<\/div>\n\t\t\t\t<\/div>\n\t\t\t\t\t<\/div>\n\t\t\t\t<\/div>\n\t\t<div class=\"elementor-element elementor-element-0a0b0b7 e-flex e-con-boxed e-con e-parent\" data-id=\"0a0b0b7\" data-element_type=\"container\">\n\t\t\t\t\t<div class=\"e-con-inner\">\n\t\t\t\t<div class=\"elementor-element elementor-element-9d20057 elementor-align-right elementor-widget elementor-widget-button\" data-id=\"9d20057\" data-element_type=\"widget\" data-widget_type=\"button.default\">\n\t\t\t\t<div class=\"elementor-widget-container\">\n\t\t\t\t\t<div class=\"elementor-button-wrapper\">\n\t\t\t<a class=\"elementor-button elementor-button-link elementor-size-sm\" href=\"https:\/\/www.probool.com\/?page_id=34\">\n\t\t\t\t\t\t<span class=\"elementor-button-content-wrapper\">\n\t\t\t\t\t\t\t\t\t<span class=\"elementor-button-text\">Voltar<\/span>\n\t\t\t\t\t<\/span>\n\t\t\t\t\t<\/a>\n\t\t<\/div>\n\t\t\t\t<\/div>\n\t\t\t\t<\/div>\n\t\t\t\t\t<\/div>\n\t\t\t\t<\/div>\n\t\t\t\t<\/div>\n\t\t","protected":false},"excerpt":{"rendered":"<p>UFC &#8211; Engenharia de Produto O desenvolvimento t\u00e9cnico e estrutural dos produtos \u00e9 um dos pilares fundamentais para garantir efici\u00eancia&#8230; <a href=\"https:\/\/www.probool.com\/?page_id=1161\">Leia mais&#8230;<\/a><\/p>\n","protected":false},"author":5,"featured_media":0,"parent":34,"menu_order":0,"comment_status":"closed","ping_status":"closed","template":"","meta":{"footnotes":"[{\"content\":\"Cada formato dever\u00e1 ser sujeito a uma an\u00e1lise pr\u00e9via \u2013 Sujeito a cota\u00e7\u00e3o\",\"id\":\"4ba089bb-306c-42bd-8790-6066801ae596\"},{\"content\":\"Mediante aquisi\u00e7\u00e3o de m\u00f3dulo da Dassault \u2013 eDrawings \u2013 sujeito a cota\u00e7\u00e3o\",\"id\":\"f4da5bcc-27d9-46b7-bfb5-4b695a5d7ca6\"},{\"content\":\"Par\u00e2metros de custeio a serem fornecidos pelo cliente \u2013 Artigos comprados\",\"id\":\"fda49081-dc53-40aa-884d-860a1a6458a5\"},{\"content\":\"Par\u00e2metros de custeio a serem fornecidos pelo cliente \u2013 Valores hora por centro de trabalho\",\"id\":\"0796028d-aeb8-436b-a1c8-9eb190290c7a\"}]"},"class_list":["post-1161","page","type-page","status-publish","hentry"],"yoast_head":"<!-- This site is optimized with the Yoast SEO plugin v24.5 - https:\/\/yoast.com\/wordpress\/plugins\/seo\/ -->\n<title>Engenharia de Produto -<\/title>\n<meta name=\"robots\" content=\"index, follow, max-snippet:-1, max-image-preview:large, max-video-preview:-1\" \/>\n<link rel=\"canonical\" href=\"https:\/\/www.probool.com\/?page_id=1161\" \/>\n<meta property=\"og:locale\" content=\"pt_PT\" \/>\n<meta property=\"og:type\" content=\"article\" \/>\n<meta property=\"og:title\" content=\"Engenharia de Produto -\" \/>\n<meta property=\"og:description\" content=\"UFC &#8211; Engenharia de Produto O desenvolvimento t\u00e9cnico e estrutural dos produtos \u00e9 um dos pilares fundamentais para garantir efici\u00eancia... Leia mais...\" \/>\n<meta property=\"og:url\" content=\"https:\/\/www.probool.com\/?page_id=1161\" \/>\n<meta property=\"article:publisher\" content=\"https:\/\/www.facebook.com\/proboolnetsoftwaresolutions\/\" \/>\n<meta property=\"article:modified_time\" content=\"2025-04-07T20:39:33+00:00\" \/>\n<meta name=\"twitter:card\" content=\"summary_large_image\" \/>\n<meta name=\"twitter:label1\" content=\"Tempo estimado de leitura\" \/>\n\t<meta name=\"twitter:data1\" content=\"3 minutos\" \/>\n<script type=\"application\/ld+json\" class=\"yoast-schema-graph\">{\"@context\":\"https:\/\/schema.org\",\"@graph\":[{\"@type\":\"WebPage\",\"@id\":\"https:\/\/www.probool.com\/?page_id=1161\",\"url\":\"https:\/\/www.probool.com\/?page_id=1161\",\"name\":\"Engenharia de Produto -\",\"isPartOf\":{\"@id\":\"https:\/\/www.probool.com\/#website\"},\"datePublished\":\"2024-09-11T16:00:09+00:00\",\"dateModified\":\"2025-04-07T20:39:33+00:00\",\"breadcrumb\":{\"@id\":\"https:\/\/www.probool.com\/?page_id=1161#breadcrumb\"},\"inLanguage\":\"pt-PT\",\"potentialAction\":[{\"@type\":\"ReadAction\",\"target\":[\"https:\/\/www.probool.com\/?page_id=1161\"]}]},{\"@type\":\"BreadcrumbList\",\"@id\":\"https:\/\/www.probool.com\/?page_id=1161#breadcrumb\",\"itemListElement\":[{\"@type\":\"ListItem\",\"position\":1,\"name\":\"In\u00edcio\",\"item\":\"https:\/\/www.probool.com\/\"},{\"@type\":\"ListItem\",\"position\":2,\"name\":\"E.R.P. ProboolIM\u00ae\",\"item\":\"https:\/\/www.probool.com\/?page_id=32\"},{\"@type\":\"ListItem\",\"position\":3,\"name\":\"Probool Industrial Management\u00ae\",\"item\":\"https:\/\/www.probool.com\/?page_id=34\"},{\"@type\":\"ListItem\",\"position\":4,\"name\":\"Engenharia de Produto\"}]},{\"@type\":\"WebSite\",\"@id\":\"https:\/\/www.probool.com\/#website\",\"url\":\"https:\/\/www.probool.com\/\",\"name\":\"Probool WebSite\",\"description\":\"\",\"publisher\":{\"@id\":\"https:\/\/www.probool.com\/#organization\"},\"potentialAction\":[{\"@type\":\"SearchAction\",\"target\":{\"@type\":\"EntryPoint\",\"urlTemplate\":\"https:\/\/www.probool.com\/?s={search_term_string}\"},\"query-input\":{\"@type\":\"PropertyValueSpecification\",\"valueRequired\":true,\"valueName\":\"search_term_string\"}}],\"inLanguage\":\"pt-PT\"},{\"@type\":\"Organization\",\"@id\":\"https:\/\/www.probool.com\/#organization\",\"name\":\"Pro BoolNet Software Solutions, Lda.\",\"url\":\"https:\/\/www.probool.com\/\",\"logo\":{\"@type\":\"ImageObject\",\"inLanguage\":\"pt-PT\",\"@id\":\"https:\/\/www.probool.com\/#\/schema\/logo\/image\/\",\"url\":\"https:\/\/www.probool.com\/wp-content\/uploads\/2025\/06\/ProboolWeb.png\",\"contentUrl\":\"https:\/\/www.probool.com\/wp-content\/uploads\/2025\/06\/ProboolWeb.png\",\"width\":480,\"height\":180,\"caption\":\"Pro BoolNet Software Solutions, Lda.\"},\"image\":{\"@id\":\"https:\/\/www.probool.com\/#\/schema\/logo\/image\/\"},\"sameAs\":[\"https:\/\/www.facebook.com\/proboolnetsoftwaresolutions\/\",\"https:\/\/www.linkedin.com\/company\/probool\"]}]}<\/script>\n<!-- \/ Yoast SEO plugin. -->","yoast_head_json":{"title":"Engenharia de Produto -","robots":{"index":"index","follow":"follow","max-snippet":"max-snippet:-1","max-image-preview":"max-image-preview:large","max-video-preview":"max-video-preview:-1"},"canonical":"https:\/\/www.probool.com\/?page_id=1161","og_locale":"pt_PT","og_type":"article","og_title":"Engenharia de Produto -","og_description":"UFC &#8211; Engenharia de Produto O desenvolvimento t\u00e9cnico e estrutural dos produtos \u00e9 um dos pilares fundamentais para garantir efici\u00eancia... Leia mais...","og_url":"https:\/\/www.probool.com\/?page_id=1161","article_publisher":"https:\/\/www.facebook.com\/proboolnetsoftwaresolutions\/","article_modified_time":"2025-04-07T20:39:33+00:00","twitter_card":"summary_large_image","twitter_misc":{"Tempo estimado de leitura":"3 minutos"},"schema":{"@context":"https:\/\/schema.org","@graph":[{"@type":"WebPage","@id":"https:\/\/www.probool.com\/?page_id=1161","url":"https:\/\/www.probool.com\/?page_id=1161","name":"Engenharia de Produto -","isPartOf":{"@id":"https:\/\/www.probool.com\/#website"},"datePublished":"2024-09-11T16:00:09+00:00","dateModified":"2025-04-07T20:39:33+00:00","breadcrumb":{"@id":"https:\/\/www.probool.com\/?page_id=1161#breadcrumb"},"inLanguage":"pt-PT","potentialAction":[{"@type":"ReadAction","target":["https:\/\/www.probool.com\/?page_id=1161"]}]},{"@type":"BreadcrumbList","@id":"https:\/\/www.probool.com\/?page_id=1161#breadcrumb","itemListElement":[{"@type":"ListItem","position":1,"name":"In\u00edcio","item":"https:\/\/www.probool.com\/"},{"@type":"ListItem","position":2,"name":"E.R.P. ProboolIM\u00ae","item":"https:\/\/www.probool.com\/?page_id=32"},{"@type":"ListItem","position":3,"name":"Probool Industrial Management\u00ae","item":"https:\/\/www.probool.com\/?page_id=34"},{"@type":"ListItem","position":4,"name":"Engenharia de Produto"}]},{"@type":"WebSite","@id":"https:\/\/www.probool.com\/#website","url":"https:\/\/www.probool.com\/","name":"Probool WebSite","description":"","publisher":{"@id":"https:\/\/www.probool.com\/#organization"},"potentialAction":[{"@type":"SearchAction","target":{"@type":"EntryPoint","urlTemplate":"https:\/\/www.probool.com\/?s={search_term_string}"},"query-input":{"@type":"PropertyValueSpecification","valueRequired":true,"valueName":"search_term_string"}}],"inLanguage":"pt-PT"},{"@type":"Organization","@id":"https:\/\/www.probool.com\/#organization","name":"Pro BoolNet Software Solutions, Lda.","url":"https:\/\/www.probool.com\/","logo":{"@type":"ImageObject","inLanguage":"pt-PT","@id":"https:\/\/www.probool.com\/#\/schema\/logo\/image\/","url":"https:\/\/www.probool.com\/wp-content\/uploads\/2025\/06\/ProboolWeb.png","contentUrl":"https:\/\/www.probool.com\/wp-content\/uploads\/2025\/06\/ProboolWeb.png","width":480,"height":180,"caption":"Pro BoolNet Software Solutions, Lda."},"image":{"@id":"https:\/\/www.probool.com\/#\/schema\/logo\/image\/"},"sameAs":["https:\/\/www.facebook.com\/proboolnetsoftwaresolutions\/","https:\/\/www.linkedin.com\/company\/probool"]}]}},"_links":{"self":[{"href":"https:\/\/www.probool.com\/index.php?rest_route=\/wp\/v2\/pages\/1161"}],"collection":[{"href":"https:\/\/www.probool.com\/index.php?rest_route=\/wp\/v2\/pages"}],"about":[{"href":"https:\/\/www.probool.com\/index.php?rest_route=\/wp\/v2\/types\/page"}],"author":[{"embeddable":true,"href":"https:\/\/www.probool.com\/index.php?rest_route=\/wp\/v2\/users\/5"}],"replies":[{"embeddable":true,"href":"https:\/\/www.probool.com\/index.php?rest_route=%2Fwp%2Fv2%2Fcomments&post=1161"}],"version-history":[{"count":45,"href":"https:\/\/www.probool.com\/index.php?rest_route=\/wp\/v2\/pages\/1161\/revisions"}],"predecessor-version":[{"id":6317,"href":"https:\/\/www.probool.com\/index.php?rest_route=\/wp\/v2\/pages\/1161\/revisions\/6317"}],"up":[{"embeddable":true,"href":"https:\/\/www.probool.com\/index.php?rest_route=\/wp\/v2\/pages\/34"}],"wp:attachment":[{"href":"https:\/\/www.probool.com\/index.php?rest_route=%2Fwp%2Fv2%2Fmedia&parent=1161"}],"curies":[{"name":"wp","href":"https:\/\/api.w.org\/{rel}","templated":true}]}}